{"id":3536,"date":"2023-08-03T06:37:49","date_gmt":"2023-08-03T06:37:49","guid":{"rendered":"https:\/\/demo.istcode.com\/dexperie\/?page_id=3536"},"modified":"2023-10-26T07:32:44","modified_gmt":"2023-10-26T07:32:44","slug":"hakkimizda","status":"publish","type":"page","link":"https:\/\/dexperie.com\/en\/about-us\/","title":{"rendered":"About Us"},"content":{"rendered":"<div data-elementor-type=\"wp-page\" data-elementor-id=\"3536\" class=\"elementor elementor-3536\">\n\t\t\t\t\t\t<section class=\"elementor-section elementor-top-section elementor-element elementor-element-9b665e4 elementor-section-boxed elementor-section-height-default elementor-section-height-default\" data-id=\"9b665e4\" data-element_type=\"section\" data-e-type=\"section\">\n\t\t\t\t\t\t<div class=\"elementor-container elementor-column-gap-default\">\n\t\t\t\t\t<div class=\"elementor-column elementor-col-100 elementor-top-column elementor-element elementor-element-9ad9f39\" data-id=\"9ad9f39\" data-element_type=\"column\" data-e-type=\"column\">\n\t\t\t<div class=\"elementor-widget-wrap elementor-element-populated\">\n\t\t\t\t\t\t<div class=\"elementor-element elementor-element-5ae0f0b iteck-color elementor-widget elementor-widget-iteck-heading\" data-id=\"5ae0f0b\" data-element_type=\"widget\" data-e-type=\"widget\" data-widget_type=\"iteck-heading.default\">\n\t\t\t\t<div class=\"elementor-widget-container\">\n\t\t\t\t\t<h2 class=\"iteck-heading iteck-underline-color\">About Us<\/h2>\t\t\t\t<\/div>\n\t\t\t\t<\/div>\n\t\t\t\t<div class=\"elementor-element elementor-element-63b6368 elementor-widget elementor-widget-iteck-heading\" data-id=\"63b6368\" data-element_type=\"widget\" data-e-type=\"widget\" data-widget_type=\"iteck-heading.default\">\n\t\t\t\t<div class=\"elementor-widget-container\">\n\t\t\t\t\t<p class=\"iteck-heading\"><br>Dexperie is a distributor and dealer management solution that allows you to manage dealer distribution and management processes with innovative technologies.  <br><br>Dexperie combines manufacturers, dealers and distributors in a single system and ensures end-to-end management of processes in all sectors operating with a dealership system on a single platform.<br><br>\nDexperie, which improves the operational efficiency levels of both the brands working with global and local dealership systems and their distributors or dealers, offers a technology where main brands and dealers can work in both mobile and web environments with integrated and real-time data. <br><br>\nDexperie gives the key to growth to brands with dealer networks by improving customer satisfaction, which is at the center of growth in today's world, through the efficient management of real-time stock, finance, sales and distribution processes.\n<br><br>Dexperie is a product of Solvia Digital Solutions, your global professional partner in the implementation of SAP solutions.<\/p>\t\t\t\t<\/div>\n\t\t\t\t<\/div>\n\t\t\t\t\t<\/div>\n\t\t<\/div>\n\t\t\t\t\t<\/div>\n\t\t<\/section>\n\t\t\t\t<section class=\"elementor-section elementor-top-section elementor-element elementor-element-4e7b28d elementor-section-boxed elementor-section-height-default elementor-section-height-default\" data-id=\"4e7b28d\" data-element_type=\"section\" data-e-type=\"section\" data-settings=\"{&quot;background_background&quot;:&quot;gradient&quot;}\">\n\t\t\t\t\t\t<div class=\"elementor-container elementor-column-gap-default\">\n\t\t\t\t\t<div class=\"elementor-column elementor-col-100 elementor-top-column elementor-element elementor-element-d5ef65c\" data-id=\"d5ef65c\" data-element_type=\"column\" data-e-type=\"column\">\n\t\t\t<div class=\"elementor-widget-wrap elementor-element-populated\">\n\t\t\t\t\t\t<div class=\"elementor-element elementor-element-3379755 elementor-widget elementor-widget-image\" data-id=\"3379755\" data-element_type=\"widget\" data-e-type=\"widget\" data-widget_type=\"image.default\">\n\t\t\t\t<div class=\"elementor-widget-container\">\n\t\t\t\t\t\t\t\t\t\t\t\t\t\t\t<img fetchpriority=\"high\" decoding=\"async\" width=\"2560\" height=\"1107\" src=\"https:\/\/dexperie.com\/wp-content\/uploads\/2023\/08\/group-business-people-working-office-scaled-e1691400528993.jpg\" class=\"attachment-full size-full wp-image-3539\" alt=\"\" \/>\t\t\t\t\t\t\t\t\t\t\t\t\t\t\t<\/div>\n\t\t\t\t<\/div>\n\t\t\t\t\t<\/div>\n\t\t<\/div>\n\t\t\t\t\t<\/div>\n\t\t<\/section>\n\t\t\t\t<section class=\"elementor-section elementor-top-section elementor-element elementor-element-da8368d elementor-section-boxed elementor-section-height-default elementor-section-height-default\" data-id=\"da8368d\" data-element_type=\"section\" data-e-type=\"section\" data-settings=\"{&quot;background_background&quot;:&quot;classic&quot;}\">\n\t\t\t\t\t\t<div class=\"elementor-container elementor-column-gap-default\">\n\t\t\t\t\t<div class=\"elementor-column elementor-col-100 elementor-top-column elementor-element elementor-element-a46c302\" data-id=\"a46c302\" data-element_type=\"column\" data-e-type=\"column\">\n\t\t\t<div class=\"elementor-widget-wrap elementor-element-populated\">\n\t\t\t\t\t\t<section class=\"elementor-section elementor-inner-section elementor-element elementor-element-aa5fe7a elementor-section-boxed elementor-section-height-default elementor-section-height-default\" data-id=\"aa5fe7a\" data-element_type=\"section\" data-e-type=\"section\" data-settings=\"{&quot;background_background&quot;:&quot;classic&quot;}\">\n\t\t\t\t\t\t<div class=\"elementor-container elementor-column-gap-default\">\n\t\t\t\t\t<div class=\"elementor-column elementor-col-50 elementor-inner-column elementor-element elementor-element-3193667\" data-id=\"3193667\" data-element_type=\"column\" data-e-type=\"column\">\n\t\t\t<div class=\"elementor-widget-wrap elementor-element-populated\">\n\t\t\t\t\t\t<div class=\"elementor-element elementor-element-04c2193 iteck-image elementor-widget elementor-widget-iteck-heading\" data-id=\"04c2193\" data-element_type=\"widget\" data-e-type=\"widget\" data-widget_type=\"iteck-heading.default\">\n\t\t\t\t<div class=\"elementor-widget-container\">\n\t\t\t\t\t<h3 class=\"iteck-heading iteck-underline\">Let's work together to define the<br><b>best solution for your company<\/b><\/h3>\t\t\t\t<\/div>\n\t\t\t\t<\/div>\n\t\t\t\t\t<\/div>\n\t\t<\/div>\n\t\t\t\t<div class=\"elementor-column elementor-col-50 elementor-inner-column elementor-element elementor-element-a85bbf3\" data-id=\"a85bbf3\" data-element_type=\"column\" data-e-type=\"column\">\n\t\t\t<div class=\"elementor-widget-wrap elementor-element-populated\">\n\t\t\t\t\t\t<div class=\"elementor-element elementor-element-dae9d0e elementor-widget__width-auto elementor-align-right elementor-widget elementor-widget-iteck-button\" data-id=\"dae9d0e\" data-element_type=\"widget\" data-e-type=\"widget\" data-widget_type=\"iteck-button.default\">\n\t\t\t\t<div class=\"elementor-widget-container\">\n\t\t\t\t\t\r\n\t\t<a href=\"https:\/\/dexperie.com\/en\/contact\/\"  class=\"iteck-button\">\r\n\t\t\t<span class=\"iteck-button-content-wrapper\">\r\n\t\t\t\t\t\t\t\t<span class=\"iteck-button-text\">\r\n\t\t\t\t\tContact Us\t\t\t\t<\/span>\r\n\t\t\t\t\t\t\t<\/span>\r\n\t\t<\/a>\r\n\r\n\t\t\t\t<\/div>\n\t\t\t\t<\/div>\n\t\t\t\t\t<\/div>\n\t\t<\/div>\n\t\t\t\t\t<\/div>\n\t\t<\/section>\n\t\t\t\t\t<\/div>\n\t\t<\/div>\n\t\t\t\t\t<\/div>\n\t\t<\/section>\n\t\t\t\t<\/div>","protected":false},"excerpt":{"rendered":"<p>Hakk\u0131m\u0131zda Dexperie, bayi da\u011f\u0131t\u0131m ve y\u00f6netim s\u00fcre\u00e7lerini yenilik\u00e7i teknolojilerle y\u00f6netmenizi sa\u011flayan bir distrib\u00fct\u00f6r ve bayi y\u00f6netim \u00e7\u00f6z\u00fcm\u00fcd\u00fcr. Dexperie, \u00fcreticileri, bayileri ve distrib\u00fct\u00f6rleri tek sistemde birle\u015ftirir ve bayilik sistemiyle \u00e7al\u0131\u015fan t\u00fcm sekt\u00f6rlerde s\u00fcre\u00e7lerin u\u00e7tan uca y\u00f6netiminin tek platformda yap\u0131lmas\u0131n\u0131 sa\u011flar. K\u00fcresel ve yerel \u00e7apta bayilik sistemiyle \u00e7al\u0131\u015fan markalar\u0131n hem kendilerinin hem de distrib\u00fct\u00f6r veya bayilerinin operasyonel verimlilik seviyelerini iyile\u015ftiren Dexperie, ana &hellip;<\/p>","protected":false},"author":1,"featured_media":0,"parent":0,"menu_order":0,"comment_status":"closed","ping_status":"closed","template":"blank-builder.php","meta":{"footnotes":""},"class_list":["post-3536","page","type-page","status-publish","hentry"],"aioseo_notices":[],"_links":{"self":[{"href":"https:\/\/dexperie.com\/en\/wp-json\/wp\/v2\/pages\/3536","targetHints":{"allow":["GET"]}}],"collection":[{"href":"https:\/\/dexperie.com\/en\/wp-json\/wp\/v2\/pages"}],"about":[{"href":"https:\/\/dexperie.com\/en\/wp-json\/wp\/v2\/types\/page"}],"author":[{"embeddable":true,"href":"https:\/\/dexperie.com\/en\/wp-json\/wp\/v2\/users\/1"}],"replies":[{"embeddable":true,"href":"https:\/\/dexperie.com\/en\/wp-json\/wp\/v2\/comments?post=3536"}],"version-history":[{"count":12,"href":"https:\/\/dexperie.com\/en\/wp-json\/wp\/v2\/pages\/3536\/revisions"}],"predecessor-version":[{"id":4911,"href":"https:\/\/dexperie.com\/en\/wp-json\/wp\/v2\/pages\/3536\/revisions\/4911"}],"wp:attachment":[{"href":"https:\/\/dexperie.com\/en\/wp-json\/wp\/v2\/media?parent=3536"}],"curies":[{"name":"wp","href":"https:\/\/api.w.org\/{rel}","templated":true}]}}