{"id":3,"date":"2023-07-24T13:38:36","date_gmt":"2023-07-24T13:38:36","guid":{"rendered":"https:\/\/demo.istcode.com\/dexperie\/?page_id=3"},"modified":"2023-10-24T21:04:50","modified_gmt":"2023-10-24T21:04:50","slug":"gizlilik-politikasi","status":"publish","type":"page","link":"https:\/\/dexperie.com\/en\/privacy-policy\/","title":{"rendered":"Privacy Policy"},"content":{"rendered":"<div data-elementor-type=\"wp-page\" data-elementor-id=\"3\" class=\"elementor elementor-3\">\n\t\t\t\t\t\t<section class=\"elementor-section elementor-top-section elementor-element elementor-element-99785bc elementor-section-boxed elementor-section-height-default elementor-section-height-default\" data-id=\"99785bc\" data-element_type=\"section\" data-e-type=\"section\">\n\t\t\t\t\t\t<div class=\"elementor-container elementor-column-gap-default\">\n\t\t\t\t\t<div class=\"elementor-column elementor-col-100 elementor-top-column elementor-element elementor-element-dff1cb3\" data-id=\"dff1cb3\" data-element_type=\"column\" data-e-type=\"column\">\n\t\t\t<div class=\"elementor-widget-wrap elementor-element-populated\">\n\t\t\t\t\t\t<div class=\"elementor-element elementor-element-0cdf629 iteck-color elementor-widget elementor-widget-iteck-heading\" data-id=\"0cdf629\" data-element_type=\"widget\" data-e-type=\"widget\" data-widget_type=\"iteck-heading.default\">\n\t\t\t\t<div class=\"elementor-widget-container\">\n\t\t\t\t\t<h2 class=\"iteck-heading iteck-underline-color\">Privacy Policy<\/h2>\t\t\t\t<\/div>\n\t\t\t\t<\/div>\n\t\t\t\t<div class=\"elementor-element elementor-element-1f99173 elementor-widget elementor-widget-text-editor\" data-id=\"1f99173\" data-element_type=\"widget\" data-e-type=\"widget\" data-widget_type=\"text-editor.default\">\n\t\t\t\t<div class=\"elementor-widget-container\">\n\t\t\t\t\t\t\t\t\t<p>As Solvia Yaz\u0131l\u0131m ve Dan\u0131\u015fmanl\u0131k A.\u015e. (\u201cSolvia\u201d), we conduct our activities in compliance with the\nlegislation concerning the Personal Data as well as the resolutions made by the Personal Data\nProtection Board (the \u201cBoard\u201d). Pursuant to article 10 of the Law on the Protection of Personal Data\nno. 6698 (the \u201cLaw\u201d), it is stipulated to inform the natural persons to whom the data belong ( the \u201cData\nSubjects\u201d) when obtaining their Personal Data. This clarification text was prepared to inform the Data\nSubjects whose Personal Data are processed by Solvia in accordance with the provisions of the\nlegislation.<\/p><p><strong>Data Controller:<\/strong>\u00a0Solvia Yaz\u0131l\u0131m ve Dan\u0131\u015fmanl\u0131k A.\u015e.<br \/><strong>Address:<\/strong>\u00a0Kozyata\u011f\u0131 Mh. De\u011firmen Sk. No : 18 Nida Kule A8 Giri\u015f Kad\u0131k\u00f6y \u2013 \u0130stanbul<br \/><strong>MERSIS No:<\/strong>\u00a00773034619100012<br \/><strong>Trade Registration No:<\/strong>\u00a0907137-0<br \/><strong>Tel:<\/strong>\u00a00216 573 27 08<br \/><strong>WebSite:<\/strong>\u00a0www.solviads.com<\/p><p><strong>1. How Do We Collect Your Personal Data?<\/strong><br \/>We may collect and process your Personal Data by ourselves or through our representatives,\nemployees or several channels in accordance with the regulations set out in our Personal Data\nProtection, Processing and Storage Policy, the Law and other relevant legislations by any written,\nspoken or electronic means as well as through video records, audio records, completing the form\navailable on the website or other forms provided by our Company, contracts, surveys, interviews,\nelectronic\/digital platforms and sites, online channels including social media platforms, e-mails, sales,\nmarketing or support departments, events and other ways.<\/p><p><strong>2. For What Purposes Do We Process Your Personal Data?<\/strong><\/p><p>We may process your Personal Data based on your explicit consent or the cases mentioned in articles\n5 and 6 of the Law which do not require explicit consent for the following purposes:<\/p><ul><li>Conducting emergency management processes, Conducting information security processes,\nConducting audit\/ethical activities, Conducting risk management processes, Conducting training\nactivities, Conducting access authorizations, Conducting strategic planning activities, Creating\nand tracking visitor records.<\/li><li>Conducting activities pursuant to the legislation, Conducting finance and accounting affairs,\nEnsuring the security of physical spaces, Conducting assignment processes,\nConducting\/Supervising business activities, Receiving and evaluating suggestions for improving\nbusiness processes, Managing organizations and events, Conducting contract processes,\nConducting sponsorship activities, Conducting supply chain management processes,\nConducting price policy, Conducting management processes<\/li><li>Conducting the selection and recruitment of the prospective employees\/trainees\/students,\nConducting the application processes of prospective employees, Fulfilling obligations arising\nfrom employment contract and legislation for employees, Conducting the fringe right processes\nfor employees, Defining user accounts for employees, Tracking shared vehicles, Defining\nbusiness PCs\/phones and e-mail addresses, Issuing company IDs and meal cards, Planning\nhuman resources processes, Conducting occupational health\/safety activities, Conducting\nperformance assessment processes, Foreign personnel work and residence permit procedures,\nConducting talent\/career development activities<\/li><li>Offering products and services, Customizing the offered products and services according to the\nrequests, Updating or upgrading the products and services due to customer needs or legal and\ntechnical developments, Conducting firm\/product\/service loyalty processes, Conducting purchase processes for goods\/services, Conducting after-sale support processes for\ngoods\/services, Conducting sale processes for goods\/services, Conducting production and\noperation processes for goods\/services, Conducting customer relations management processes<\/li><li>Providing website security, Website usage analysis, Fulfilling the requests submitted through the\ncontact form on the website<\/li><li>Fulfilling legal and contractual obligations, Pursuing and conducting legal affairs, Conducting\ninternal audit\/investigation\/intelligence processes, Tracking requests\/complaints, Informing\nauthorized persons, institutions and organizations<\/li><li>Conducting communication processes, Conducting advertisement\/campaign\/promotion\nprocesses, Conducting marketing analysis studies, Conducting customer satisfaction activities,\nConducting product\/service marketing processes<\/li><\/ul><p><strong>3. To Whom and For What Purposes Do We Transfer Your Personal Data?<\/strong><\/p><p>The Personal Data kept by our Company may be transferred to the following natural or legal Third\nParties inside or outside the country in accordance with the regulations of the Law regarding the\ntransfer of data.<\/p><ul><li><strong>Service Providing Accounting Firm, Service Providing Agencies, Personal Retirement\nInsurance Firm, Life Insurance Firm, Legal Counsels, Health Insurance Firm, Payroll\nPreparation Firm, Service Providing Public Accountant Firm, Suppliers:\u00a0<\/strong>Personal Data may\nbe transferred to the service providing firms\/people specified in this article within the scope of the\nproducts and services, and the commercial, legal and contractual relation established to the\nextent which is limited to the data to be processed and the purposes of processing such data.<\/li><li><strong>Employees:\u00a0<\/strong>In order for our Company, and in this regard, our employees to duly carry out their\nassignments and to allow for communications, Personal Data of other employees, customers as\nwell as other people to whom the employees have to reach to fulfill their duties my be shared to\nthe employees.<\/li><li><strong>Event Sponsors:<\/strong>\u00a0Personal Data may be transferred to the Sponsors so as to be used for\nfulfilling their sponsorship activities and obligations to the extent which is limited to such data that\nare required for achieving that purpose.<\/li><li><strong>Natural Persons or Legal Persons:\u00a0<\/strong>Personal Data may be transferred to the legal persons\nwhich are legally authorized to request information and\/or document from our Company to the\nextent which is limited to their requests and to such data that are required by law.<\/li><li><strong>Business Partners:<\/strong>\u00a0Personal Data may be transferred to the business partners in order to\nestablish a business partnership and\/or fulfill the purpose of a partnership to the extent which is\ncompliant with and limited to this purpose.<\/li><li><strong>Stakeholders:<\/strong>\u00a0Personal Data may be shared with the stakeholders to\nthe extent which is limited to the purposes of following up\nthe activities, determining and developing business\nstrategies, carrying out audits, and informing the\nshareholders.<\/li><li><strong>Customers:<\/strong>\u00a0Personal Data of the employees may be shared to the customers in order to offer\nthe products and services received by the customers within the framework of the relation\nbetween the customers and us.<\/li><li><strong>Authorized Public Institutions and Organizations:\u00a0<\/strong>Personal Data may be transferred to the\nlegally authorized public institutions and organizations to the extent which is limited to their\nrequests and to such data that are required by law.<\/li><\/ul><p><strong>4. Which Rights Do You Have as a Data Owner?<\/strong><\/p><p>You are entitled to;<\/p><ul><li>learn whether your Personal Data are processed or not,<\/li><li>request information as to if your Personal Data have been processed,<\/li><li>learn the purpose of processing your Personal Data and whether such Personal Data are used\nin compliance with the purpose,<\/li><li>know the third parties to whom your Personal Data are transferred in country or abroad,<\/li><li>request the rectification of your Personal Data processed incompletely or inaccurately, if any,\nand to request reporting of the operation carried out in this regard to third parties to whom your\nPersonal Data have been transferred,<\/li><li>request the deletion or destruction of your Personal Data, despite being processed according to\nthe provisions of the Law and other relevant legislations, in the case where the reasons that\nrequire processing and storing them disappear, and to request reporting of the operation carried\nout in this regard to third parties to whom your Personal Data have been transferred,<\/li><li>object to the occurrence of a result against you by analyzing your Personal Data processed\nsolely through automated systems,<\/li><li>claim compensation for the damage arising from the unlawful processing of your Personal Data,<\/li><\/ul><p>by applying to our Company<\/p><p>However, pursuant to the provision set out in article 28\/2 of the Law, you may not exercise your rights\nmentioned above, excluding the right to claim compensation, in the following cases where personal\ndata processing:<\/p><ul><li>is necessary for the prevention of committing a crime or for crime investigation<\/li><li>is carried out on the Personal Data which are made public by the Data Subject himself\/herself.<\/li><li>is necessary for performance of supervision or regulatory duties and disciplinary investigation\nand prosecution to be carried out by the assigned and authorized public institutions and\norganizations and by public professional organizations, in accordance with the power conferred\non them by the law.<\/li><li>is necessary for protection economic and financial interests of State related to budget, tax and\nfinancial matters.<\/li><\/ul><p><strong>5. How You Can Exercise Your Rights?<\/strong><\/p><p>If you intend to exercise your rights, you can use the form which is accessible by clicking on\nthe\u00a0<strong><em>\u201cApplication Form\u201d<\/em><\/strong>\u00a0at the end of the page. To make an application, you may complete that form\nand send your request in writing or through registered e-mail (KEP), secure electronic signature, mobile signature or your e-mail address previously notified to our Company by you and recorded in\nour Company\u2019s system. Applications must be made in Turkish in order to be able to exercise the\napplication right.<\/p><p>For the applications made in writing, you may send the completed and originally signed form to our\nCompany address, which is stated at the beginning of this Clarification Text, by means of a notary\npublic, deliver it by hand, or convey it through your legal representative or agent.<\/p><p>For the applications to be made electronically (by e-mail), it is necessary to fill in the Application Form,\nscan the originally signed form in PDF format and send it to our Company\u2019s e-mail address\ninfo@solviads.com.<\/p><p>Applications must include the name, surname, signature if the application is in writing, TR identity\nnumber of the citizens of the Republic of Turkey, the nationality, passport number and identity number\n(if any) of the foreigners, principal residence or workplace address for notification, principal e-mail\naddress, phone and fax number for notification (if any), and the subject of the Request. For the\napplications to be made by a legal representative, such applications must be accompanied by the\nnotarized special power of attorney or the documents demonstrating the authority of legal\nrepresentation (e.g. approved guardianship decision) as well as the document supporting your\nrequest, if any, especially such documents which demonstrate the facts when you state that you suffer\ndamages or an unfavorable result.<\/p><p>Your requests sent through the form shall be answered freely as soon as possible, in each case within\nmaximum 30 days, per the quality of your request. However, the fee in the tariff specified by the Board\nmay be charged where the procedure incurs an extra cost.<\/p><p>For such applications, the failure to share the information completely and correctly, the failure to state\nthe request clearly, the failure to convey the documents supporting the request at all or duly, and for\nthe applications made through an agent, the failure to add the copy of the power of attorney may\ncause difficulties in fulfilling your request or delays in the investigation process. Therefore, it is\nimportant that you observe such matters when exercising your rights. Otherwise, our Company shall\nnot be responsible for possible delays. Our Company reserves its legal rights against erroneous,\nunreal\/illegal and malicious applications.<\/p>\t\t\t\t\t\t\t\t<\/div>\n\t\t\t\t<\/div>\n\t\t\t\t\t<\/div>\n\t\t<\/div>\n\t\t\t\t\t<\/div>\n\t\t<\/section>\n\t\t\t\t<\/div>","protected":false},"excerpt":{"rendered":"<p>Gizlilik Politikas\u0131 Solvia Yaz\u0131l\u0131m ve Dan\u0131\u015fmanl\u0131k A.\u015e. (\u201cSolvia\u201d) olarak faaliyetlerimizi Ki\u015fisel Verilere ili\u015fkin mevzuatla ve Ki\u015fisel Verilerin Korunmas\u0131 Kurulu (\u201cKurul\u201d) kararlar\u0131yla uyumlu y\u00fcr\u00fctmekteyiz. 6698 say\u0131l\u0131 Ki\u015fisel Verilerin Korunmas\u0131 Kanun\u2019un (\u201cKanun\u201d) 10. maddesi uyar\u0131nca Ki\u015fisel Verilerin elde edilmesi s\u0131ras\u0131nda veri sahibi ger\u00e7ek ki\u015filerin (\u201c\u0130lgili Ki\u015fi\u201d) bilgilendirilmesi \u00f6ng\u00f6r\u00fclm\u00fc\u015ft\u00fcr. Solvia taraf\u0131ndan Ki\u015fisel Verileri i\u015flenen \u0130lgili Ki\u015fileri, mevzuat h\u00fck\u00fcmlerine uygun olarak bilgilendirmek amac\u0131yla bu &hellip;<\/p>","protected":false},"author":1,"featured_media":0,"parent":0,"menu_order":0,"comment_status":"closed","ping_status":"open","template":"blank-builder.php","meta":{"footnotes":""},"class_list":["post-3","page","type-page","status-publish","hentry"],"aioseo_notices":[],"_links":{"self":[{"href":"https:\/\/dexperie.com\/en\/wp-json\/wp\/v2\/pages\/3","targetHints":{"allow":["GET"]}}],"collection":[{"href":"https:\/\/dexperie.com\/en\/wp-json\/wp\/v2\/pages"}],"about":[{"href":"https:\/\/dexperie.com\/en\/wp-json\/wp\/v2\/types\/page"}],"author":[{"embeddable":true,"href":"https:\/\/dexperie.com\/en\/wp-json\/wp\/v2\/users\/1"}],"replies":[{"embeddable":true,"href":"https:\/\/dexperie.com\/en\/wp-json\/wp\/v2\/comments?post=3"}],"version-history":[{"count":3,"href":"https:\/\/dexperie.com\/en\/wp-json\/wp\/v2\/pages\/3\/revisions"}],"predecessor-version":[{"id":4839,"href":"https:\/\/dexperie.com\/en\/wp-json\/wp\/v2\/pages\/3\/revisions\/4839"}],"wp:attachment":[{"href":"https:\/\/dexperie.com\/en\/wp-json\/wp\/v2\/media?parent=3"}],"curies":[{"name":"wp","href":"https:\/\/api.w.org\/{rel}","templated":true}]}}